{"id":17005,"date":"2018-12-05T09:08:49","date_gmt":"2018-12-05T08:08:49","guid":{"rendered":"https:\/\/hispatransfers.com\/privacy-policy\/"},"modified":"2025-05-19T17:52:37","modified_gmt":"2025-05-19T15:52:37","slug":"privacy-policy","status":"publish","type":"page","link":"https:\/\/hispatransfers.com\/en\/privacy-policy\/","title":{"rendered":"Privacy policy"},"content":{"rendered":"\n<div class=\"wp-block-uagb-container cabecerahome uagb-block-4c3875af alignfull uagb-is-root-container\"><div class=\"uagb-container-inner-blocks-wrap\">\n<div class=\"wp-block-uagb-container uagb-block-e02177e9\">\n<div class=\"wp-block-uagb-container uagb-block-4e7c8689\">\n<div class=\"wp-block-uagb-container uagb-block-a85a0615\">\n<div class=\"wp-block-uagb-advanced-heading uagb-block-36237826\"><h1 class=\"uagb-heading-text\">Privacy Policy<\/h1><\/div>\n<\/div>\n<\/div>\n<\/div>\n<\/div><\/div>\n<\/p>\n<div id=\"text-block-3\" class=\"mk-text-block \">\n<p><strong>1. &#8211; Data Protection.<\/strong><\/p>\n<p><strong>1.1. Data Controller.<\/strong><br \/><span style=\"color: #000000;\">The personal data collected will be processed by Hispatransfers SL (hereinafter the OWNER), with address located at Avda Hytasa 12, 2\u00b0 planta, mod. 6 &#8211; 41006 &#8211; Sevilla, info@hispatransfers.com when necessary, depending on the services contracted through this website, which acts as Data Controller. <\/span><br \/><span style=\"color: #000000;\">The user may provide us, always on a voluntary basis, with information of a personal nature, either through certain data collection forms included in the different sections of the website, or through the e-mail addresses provided for this purpose. The provision of any personal data through the different forms and e-mail addresses on this website implies acceptance and consent to the processing of the same in the terms indicated in this document. <\/span><\/p>\n<p><strong>1.2. Purposes of the processing of personal data.<\/strong><br \/><span style=\"color: #000000;\">The collection and processing of your personal data is carried out for the following purposes:<\/span><br \/><span style=\"color: #000000;\">i. To be able to contact the user;<\/span><br \/><span style=\"color: #000000;\">ii. To attend to and appropriately manage the queries, comments, incidents or suggestions submitted by the same; <\/span><br \/><span style=\"color: #000000;\">iii. Manage basic administration tasks; <\/span><br \/><span style=\"color: #000000;\">iv. Respond to and appropriately manage requests for quotations sent through this channel; <\/span><br \/><span style=\"color: #000000;\">v. To keep informed, either by electronic means or mobile devices (push notifications), or by any other means that has been foreseen and provided, of offers and discounts offered by the OWNER, or by third parties that may be of interest to them; <\/span><br \/><span style=\"color: #000000;\">vi. To provide added services, improvements to our services and to the customer&#8217;s experience when using the Website; <\/span><br \/><span style=\"color: #000000;\">vii. Statistical analysis of visits to the Website and the behaviour of its Users on the same in an anonymous form; <\/span><br \/><span style=\"color: #000000;\">viii. Manage their participation in the training courses offered by the company through this medium; <\/span><br \/><span style=\"color: #000000;\">viii. To take the necessary steps to adapt their participation in personnel selection processes offered by the company; <\/span><br \/><span style=\"color: #000000;\">ix. Properly manage their participation in contests, sweepstakes and promotions offered by the OWNER, through this medium; <\/span><br \/><span style=\"color: #000000;\">x. Proper management of web browsing. <\/span><\/p>\n<p><span style=\"color: #000000;\">With regard to the processing of your data for promotional, advertising or commercial purposes, the user will be provided, together with the corresponding data collection form, with the appropriate procedure, simple and free of charge, so that he\/she can freely give his\/her consent to this effect. This consent may be revoked at any time and at no cost to the interested party. <\/span><\/p>\n<p><strong>1.3. Legitimation.<\/strong><br \/><span style=\"color: #000000;\">The legal bases that legitimise the aforementioned processing are the execution of the contract acquired, the consent of the user and the legitimate interest of the OWNER.<\/span><\/p>\n<p><strong>1.4. Recipients of personal data.<\/strong><br \/><span style=\"color: #000000;\">The recipient of the information provided will be the OWNER. The personal data of users will be communicated to the company providing the service contracted by the user. The recipients of the data provided undertake to use the information provided confidentially and in accordance with the purposes previously authorised by the users. <\/span><\/p>\n<p><span style=\"color: #000000;\">Likewise, those users who send information related to their curriculum vitae are informed that their data will be managed in a timely manner by the OWNER, in order to carry out the corresponding selection process. By sending the data, the user accepts and consents to the processing of their personal data in accordance with the aforementioned purpose. <\/span><\/p>\n<p><strong>1.5. Rights of data subjects.<\/strong><br \/><span style=\"color: #000000;\">Users may exercise their rights of access, rectification, deletion, opposition, portability and limitation of their data by contacting the OWNER by sending a request to our e-mail address established for this purpose above, or to the postal address above, specifying the right they wish to exercise and attaching, in any case, a photocopy of their National Identity Card or equivalent document valid in law that allows their identity to be accredited.<\/span><\/p>\n<p><span style=\"color: #000000;\">Any data subject may, at any time thereafter, under the terms established in the data protection regulations, revoke the authorisation granted for the processing of his or her personal data.<\/span><\/p>\n<p><span style=\"color: #000000;\">The data subject shall have the right to lodge a complaint with the Spanish Data Protection Agency (www.agpd.es).<\/span><br \/><span style=\"color: #000000;\">The user will be responsible, in any case, for the veracity of the data provided, and the OWNER reserves the right to exclude any false data that has been provided, without prejudice to any other actions that may be applicable by law. The user is responsible for communicating any modification of the personal data provided by him\/her. <\/span><\/p>\n<p><strong>1.6. Data retention period.<\/strong><br \/><span style=\"color: #000000;\">The OWNER only stores users&#8217; personal data to the extent that it needs them in order to be able to use them for the purpose for which they were collected, and according to the legal basis for their processing. The OWNER will keep the personal data for as long as there is a contractual and\/or commercial relationship with the user and for as long as the user does not exercise the right of deletion, cancellation and\/or limitation of the processing thereof. In these cases, we will keep the data duly blocked, without making any use of them, while they may be necessary for the exercise or defence of claims or may derive some type of legal, legal or contractual liability from their processing, which must be attended to and for which their recovery is necessary.  <\/span><\/p>\n<p><span style=\"color: #000000;\">The OWNER undertakes to comply with the provisions of current legislation regarding the duty to cancel personal information that is no longer necessary for the purpose or purposes for which it was collected, blocking it, with the aim of being able to deal with any possible liabilities arising from the processing of the data, and only during the limitation periods for such liabilities. Once these periods have expired, the data will be definitively deleted by means of guaranteed secure methods. <\/span><\/p>\n<p><strong>1.7. Information we collect from visits to the website.<\/strong><br \/><span style=\"color: #000000;\">We collect and store limited personal information and anonymous aggregate statistics on all users who visit the Site, either because the user actively provides it to us or because the user is simply browsing the Site. The information we collect includes the Internet Protocol (IP) address, which allows us to know the device you are using, the browser you are using, your operating system, the date and time of access, the Internet address of the website you are accessing and leaving, and behavioural information about how you use our website. <\/span><\/p>\n<p><span style=\"color: #000000;\">This information is used by the OWNER to know the loading time of our website, the behaviour patterns of the users who access it, the total number of visits and their duration and the type of information most consulted by the user. This information helps the OWNER to identify whether the website is functioning correctly, in order to detect incidents or errors in its operation, to solve them and to improve the performance of the website, in order to offer a better service to all users. <\/span><br \/><span style=\"color: #000000;\">In consideration of the above, we collect usage and navigation data for statistical and advertising purposes, to monitor the use of our website and to improve our knowledge of the User&#8217;s interests in an anonymous form.<\/span><\/p>\n<p><strong>1.8. Minors.<\/strong><br \/><span style=\"color: #000000;\">Children under the age of 16 should not submit any personal information without the consent of their parent or guardian. The OWNER is not responsible for any personal information submitted by users under the age of 16 without such consent. <\/span><\/p>\n<p><strong>1.9. Security measures.<\/strong><br \/><span style=\"color: #000000;\">The OWNER has adopted the personal data protection security protocol required by current legislation, depending on the type of information processed, and has implemented additional technical measures within its power to prevent the alteration, loss, processing or unauthorised access of the personal data provided.<\/span><\/p>\n<p><span style=\"color: #000000;\">The OWNER guarantees the adoption of the appropriate protection measures to guarantee the security of the information and the confidentiality of the data provided by the user via the Internet.<\/span><\/p>\n<p><strong>1.10. Cookies.<\/strong><br \/><span style=\"color: #000000;\">Access to this website may imply the acceptance of cookies. Cookies are small amounts of information that are stored in each user&#8217;s browser so that the server can remember certain browsing information that can be used later. This information allows the user to be identified as a specific but anonymous visitor and allows the user&#8217;s personal preferences to be saved, as well as technical information such as visits or specific pages visited.  <\/span><\/p>\n<p><span style=\"color: #000000;\">Users who do not wish cookies to be installed or who wish to be informed before they are stored on their computer can configure their browser accordingly. For further information, please consult \u201c<a style=\"color: #000000;\" href=\"https:\/\/hispatransfers.com\/politica-de-cookies\/\">Cookie Policy<\/a>\u201d. <\/span><\/p>\n<p><strong>2.- Industrial and Intellectual Property Rights.<\/strong><br \/><span style=\"color: #000000;\">All the elements, designs, contents and applications hosted on the Website, as well as all the Industrial and Intellectual Property Rights inherent to it, are owned by the OWNER, and are protected by Industrial and Intellectual Property regulations. Said elements may not be subject to exploitation, reproduction, distribution or any other dissemination procedure that has not been previously expressly authorised. The OWNER reserves the right to take legal action against those who infringe the aforementioned ownership rights.<\/p>\n<p>  <\/span><\/p>\n<p><strong>3.- Modifications.<\/strong><br \/><span style=\"color: #000000;\">This Legal Notice and Privacy Policy may be modified in order to adapt it to new legislation or jurisprudence, as well as changes in the performance and business strategy of the OWNER, so we recommend the user to read it before accessing and browsing the website. However, the relations established with users, prior to the modification of this Legal Notice and Privacy Policy, shall be governed by the rules established at the time the user accessed the website. <\/span><\/p>\n<p><span style=\"color: #000000;\">The OWNER will provide the appropriate technical resources so that the user can access this Legal Notice and Privacy and Data Protection Policy before browsing the rest of the areas of the Website.<\/span><\/p>\n<p><strong>4.- Legislation and Applicable Jurisdiction.<\/strong><br \/><span style=\"color: #000000;\">For the resolution of any dispute related to this website or the actions carried out therein, Spanish legislation shall apply, to which the parties expressly submit themselves, and the competent Courts and Tribunals shall be competent to resolve all disputes arising from or related to its use in accordance with the applicable legislation.<\/span><\/p>\n<p><span style=\"color: #000000;\">In the event that any of the provisions contained in this Legal Notice is declared null and void or invalid, it will be withdrawn or replaced. In any case, such declaration of invalidity shall not affect the validity of the remaining provisions contained in this document. <\/span><\/p>\n<\/div>\n","protected":false},"excerpt":{"rendered":"<p>Privacy Policy 1. &#8211; Data Protection. 1.1. Data Controller.The personal data collected will be processed by Hispatransfers SL (hereinafter the [&hellip;]<\/p>\n","protected":false},"author":1,"featured_media":0,"parent":0,"menu_order":0,"comment_status":"closed","ping_status":"closed","template":"","meta":{"inline_featured_image":false,"_uag_custom_page_level_css":"","site-sidebar-layout":"default","site-content-layout":"","ast-site-content-layout":"default","site-content-style":"default","site-sidebar-style":"default","ast-global-header-display":"","ast-banner-title-visibility":"","ast-main-header-display":"","ast-hfb-above-header-display":"","ast-hfb-below-header-display":"","ast-hfb-mobile-header-display":"","site-post-title":"","ast-breadcrumbs-content":"","ast-featured-img":"","footer-sml-layout":"","ast-disable-related-posts":"","theme-transparent-header-meta":"","adv-header-id-meta":"","stick-header-meta":"","header-above-stick-meta":"","header-main-stick-meta":"","header-below-stick-meta":"","astra-migrate-meta-layouts":"default","ast-page-background-enabled":"default","ast-page-background-meta":{"desktop":{"background-color":"var(--ast-global-color-4)","background-image":"","background-repeat":"repeat","background-position":"center center","background-size":"auto","background-attachment":"scroll","background-type":"","background-media":"","overlay-type":"","overlay-color":"","overlay-opacity":"","overlay-gradient":""},"tablet":{"background-color":"","background-image":"","background-repeat":"repeat","background-position":"center center","background-size":"auto","background-attachment":"scroll","background-type":"","background-media":"","overlay-type":"","overlay-color":"","overlay-opacity":"","overlay-gradient":""},"mobile":{"background-color":"","background-image":"","background-repeat":"repeat","background-position":"center center","background-size":"auto","background-attachment":"scroll","background-type":"","background-media":"","overlay-type":"","overlay-color":"","overlay-opacity":"","overlay-gradient":""}},"ast-content-background-meta":{"desktop":{"background-color":"var(--ast-global-color-5)","background-image":"","background-repeat":"repeat","background-position":"center center","background-size":"auto","background-attachment":"scroll","background-type":"","background-media":"","overlay-type":"","overlay-color":"","overlay-opacity":"","overlay-gradient":""},"tablet":{"background-color":"var(--ast-global-color-5)","background-image":"","background-repeat":"repeat","background-position":"center center","background-size":"auto","background-attachment":"scroll","background-type":"","background-media":"","overlay-type":"","overlay-color":"","overlay-opacity":"","overlay-gradient":""},"mobile":{"background-color":"var(--ast-global-color-5)","background-image":"","background-repeat":"repeat","background-position":"center center","background-size":"auto","background-attachment":"scroll","background-type":"","background-media":"","overlay-type":"","overlay-color":"","overlay-opacity":"","overlay-gradient":""}},"footnotes":""},"class_list":["post-17005","page","type-page","status-publish","hentry"],"yoast_head":"<!-- This site is optimized with the Yoast SEO plugin v27.4 - https:\/\/yoast.com\/product\/yoast-seo-wordpress\/ -->\n<title>Privacy policy - Traslados privados Aeropuerto Hotel al mejor precio | Hispatransfers<\/title>\n<meta name=\"robots\" content=\"index, follow, max-snippet:-1, max-image-preview:large, max-video-preview:-1\" \/>\n<link rel=\"canonical\" href=\"https:\/\/hispatransfers.com\/en\/privacy-policy\/\" \/>\n<meta property=\"og:locale\" content=\"en_US\" \/>\n<meta property=\"og:type\" content=\"article\" \/>\n<meta property=\"og:title\" content=\"Privacy policy - Traslados privados Aeropuerto Hotel al mejor precio | Hispatransfers\" \/>\n<meta property=\"og:description\" content=\"Privacy Policy 1. &#8211; Data Protection. 1.1. Data Controller.The personal data collected will be processed by Hispatransfers SL (hereinafter the [&hellip;]\" \/>\n<meta property=\"og:url\" content=\"https:\/\/hispatransfers.com\/en\/privacy-policy\/\" \/>\n<meta property=\"og:site_name\" content=\"Traslados privados Aeropuerto Hotel al mejor precio | Hispatransfers\" \/>\n<meta property=\"article:publisher\" content=\"http:\/\/www.facebook.com\/HispatransfersTraslados\/\" \/>\n<meta property=\"article:modified_time\" content=\"2025-05-19T15:52:37+00:00\" \/>\n<meta name=\"twitter:card\" content=\"summary_large_image\" \/>\n<meta name=\"twitter:label1\" content=\"Est. reading time\" \/>\n\t<meta name=\"twitter:data1\" content=\"8 minutes\" \/>\n<script type=\"application\/ld+json\" class=\"yoast-schema-graph\">{\"@context\":\"https:\\\/\\\/schema.org\",\"@graph\":[{\"@type\":\"WebPage\",\"@id\":\"https:\\\/\\\/hispatransfers.com\\\/en\\\/privacy-policy\\\/\",\"url\":\"https:\\\/\\\/hispatransfers.com\\\/en\\\/privacy-policy\\\/\",\"name\":\"Privacy policy - Traslados privados Aeropuerto Hotel al mejor precio | Hispatransfers\",\"isPartOf\":{\"@id\":\"https:\\\/\\\/hispatransfers.com\\\/en\\\/#website\"},\"datePublished\":\"2018-12-05T08:08:49+00:00\",\"dateModified\":\"2025-05-19T15:52:37+00:00\",\"breadcrumb\":{\"@id\":\"https:\\\/\\\/hispatransfers.com\\\/en\\\/privacy-policy\\\/#breadcrumb\"},\"inLanguage\":\"en-US\",\"potentialAction\":[{\"@type\":\"ReadAction\",\"target\":[\"https:\\\/\\\/hispatransfers.com\\\/en\\\/privacy-policy\\\/\"]}]},{\"@type\":\"BreadcrumbList\",\"@id\":\"https:\\\/\\\/hispatransfers.com\\\/en\\\/privacy-policy\\\/#breadcrumb\",\"itemListElement\":[{\"@type\":\"ListItem\",\"position\":1,\"name\":\"Portada\",\"item\":\"https:\\\/\\\/hispatransfers.com\\\/en\\\/\"},{\"@type\":\"ListItem\",\"position\":2,\"name\":\"Privacy policy\"}]},{\"@type\":\"WebSite\",\"@id\":\"https:\\\/\\\/hispatransfers.com\\\/en\\\/#website\",\"url\":\"https:\\\/\\\/hispatransfers.com\\\/en\\\/\",\"name\":\"Traslados privados Aeropuerto Hotel al mejor precio\",\"description\":\"Si necesitas un traslado privado desde el Aeropuerto hasta tu hotel \u00a1Somos la opci\u00f3n con la mejor relaci\u00f3n calidad-precio! Reserva tu traslado en l\u00ednea...\",\"publisher\":{\"@id\":\"https:\\\/\\\/hispatransfers.com\\\/en\\\/#organization\"},\"potentialAction\":[{\"@type\":\"SearchAction\",\"target\":{\"@type\":\"EntryPoint\",\"urlTemplate\":\"https:\\\/\\\/hispatransfers.com\\\/en\\\/?s={search_term_string}\"},\"query-input\":{\"@type\":\"PropertyValueSpecification\",\"valueRequired\":true,\"valueName\":\"search_term_string\"}}],\"inLanguage\":\"en-US\"},{\"@type\":\"Organization\",\"@id\":\"https:\\\/\\\/hispatransfers.com\\\/en\\\/#organization\",\"name\":\"Hispatransfers\",\"url\":\"https:\\\/\\\/hispatransfers.com\\\/en\\\/\",\"logo\":{\"@type\":\"ImageObject\",\"inLanguage\":\"en-US\",\"@id\":\"https:\\\/\\\/hispatransfers.com\\\/en\\\/#\\\/schema\\\/logo\\\/image\\\/\",\"url\":\"https:\\\/\\\/hispatransfers.com\\\/wp-content\\\/uploads\\\/2026\\\/03\\\/logo-light.png-1024x311.png.webp\",\"contentUrl\":\"https:\\\/\\\/hispatransfers.com\\\/wp-content\\\/uploads\\\/2026\\\/03\\\/logo-light.png-1024x311.png.webp\",\"width\":1024,\"height\":311,\"caption\":\"Hispatransfers\"},\"image\":{\"@id\":\"https:\\\/\\\/hispatransfers.com\\\/en\\\/#\\\/schema\\\/logo\\\/image\\\/\"},\"sameAs\":[\"http:\\\/\\\/www.facebook.com\\\/HispatransfersTraslados\\\/\",\"http:\\\/\\\/www.instagram.com\\\/hispatransfers\\\/\"]}]}<\/script>\n<!-- \/ Yoast SEO plugin. -->","yoast_head_json":{"title":"Privacy policy - Traslados privados Aeropuerto Hotel al mejor precio | Hispatransfers","robots":{"index":"index","follow":"follow","max-snippet":"max-snippet:-1","max-image-preview":"max-image-preview:large","max-video-preview":"max-video-preview:-1"},"canonical":"https:\/\/hispatransfers.com\/en\/privacy-policy\/","og_locale":"en_US","og_type":"article","og_title":"Privacy policy - Traslados privados Aeropuerto Hotel al mejor precio | Hispatransfers","og_description":"Privacy Policy 1. &#8211; Data Protection. 1.1. Data Controller.The personal data collected will be processed by Hispatransfers SL (hereinafter the [&hellip;]","og_url":"https:\/\/hispatransfers.com\/en\/privacy-policy\/","og_site_name":"Traslados privados Aeropuerto Hotel al mejor precio | Hispatransfers","article_publisher":"http:\/\/www.facebook.com\/HispatransfersTraslados\/","article_modified_time":"2025-05-19T15:52:37+00:00","twitter_card":"summary_large_image","twitter_misc":{"Est. reading time":"8 minutes"},"schema":{"@context":"https:\/\/schema.org","@graph":[{"@type":"WebPage","@id":"https:\/\/hispatransfers.com\/en\/privacy-policy\/","url":"https:\/\/hispatransfers.com\/en\/privacy-policy\/","name":"Privacy policy - Traslados privados Aeropuerto Hotel al mejor precio | Hispatransfers","isPartOf":{"@id":"https:\/\/hispatransfers.com\/en\/#website"},"datePublished":"2018-12-05T08:08:49+00:00","dateModified":"2025-05-19T15:52:37+00:00","breadcrumb":{"@id":"https:\/\/hispatransfers.com\/en\/privacy-policy\/#breadcrumb"},"inLanguage":"en-US","potentialAction":[{"@type":"ReadAction","target":["https:\/\/hispatransfers.com\/en\/privacy-policy\/"]}]},{"@type":"BreadcrumbList","@id":"https:\/\/hispatransfers.com\/en\/privacy-policy\/#breadcrumb","itemListElement":[{"@type":"ListItem","position":1,"name":"Portada","item":"https:\/\/hispatransfers.com\/en\/"},{"@type":"ListItem","position":2,"name":"Privacy policy"}]},{"@type":"WebSite","@id":"https:\/\/hispatransfers.com\/en\/#website","url":"https:\/\/hispatransfers.com\/en\/","name":"Traslados privados Aeropuerto Hotel al mejor precio","description":"Si necesitas un traslado privado desde el Aeropuerto hasta tu hotel \u00a1Somos la opci\u00f3n con la mejor relaci\u00f3n calidad-precio! Reserva tu traslado en l\u00ednea...","publisher":{"@id":"https:\/\/hispatransfers.com\/en\/#organization"},"potentialAction":[{"@type":"SearchAction","target":{"@type":"EntryPoint","urlTemplate":"https:\/\/hispatransfers.com\/en\/?s={search_term_string}"},"query-input":{"@type":"PropertyValueSpecification","valueRequired":true,"valueName":"search_term_string"}}],"inLanguage":"en-US"},{"@type":"Organization","@id":"https:\/\/hispatransfers.com\/en\/#organization","name":"Hispatransfers","url":"https:\/\/hispatransfers.com\/en\/","logo":{"@type":"ImageObject","inLanguage":"en-US","@id":"https:\/\/hispatransfers.com\/en\/#\/schema\/logo\/image\/","url":"https:\/\/hispatransfers.com\/wp-content\/uploads\/2026\/03\/logo-light.png-1024x311.png.webp","contentUrl":"https:\/\/hispatransfers.com\/wp-content\/uploads\/2026\/03\/logo-light.png-1024x311.png.webp","width":1024,"height":311,"caption":"Hispatransfers"},"image":{"@id":"https:\/\/hispatransfers.com\/en\/#\/schema\/logo\/image\/"},"sameAs":["http:\/\/www.facebook.com\/HispatransfersTraslados\/","http:\/\/www.instagram.com\/hispatransfers\/"]}]}},"uagb_featured_image_src":{"full":false,"thumbnail":false,"medium":false,"medium_large":false,"large":false,"1536x1536":false,"2048x2048":false},"uagb_author_info":{"display_name":"hispatransfers","author_link":"https:\/\/hispatransfers.com\/en\/author\/hispatransfers\/"},"uagb_comment_info":0,"uagb_excerpt":"Privacy Policy 1. &#8211; Data Protection. 1.1. Data Controller.The personal data collected will be processed by Hispatransfers SL (hereinafter the [&hellip;]","_links":{"self":[{"href":"https:\/\/hispatransfers.com\/en\/wp-json\/wp\/v2\/pages\/17005","targetHints":{"allow":["GET"]}}],"collection":[{"href":"https:\/\/hispatransfers.com\/en\/wp-json\/wp\/v2\/pages"}],"about":[{"href":"https:\/\/hispatransfers.com\/en\/wp-json\/wp\/v2\/types\/page"}],"author":[{"embeddable":true,"href":"https:\/\/hispatransfers.com\/en\/wp-json\/wp\/v2\/users\/1"}],"replies":[{"embeddable":true,"href":"https:\/\/hispatransfers.com\/en\/wp-json\/wp\/v2\/comments?post=17005"}],"version-history":[{"count":0,"href":"https:\/\/hispatransfers.com\/en\/wp-json\/wp\/v2\/pages\/17005\/revisions"}],"wp:attachment":[{"href":"https:\/\/hispatransfers.com\/en\/wp-json\/wp\/v2\/media?parent=17005"}],"curies":[{"name":"wp","href":"https:\/\/api.w.org\/{rel}","templated":true}]}}