{"id":17003,"date":"2018-12-05T09:13:22","date_gmt":"2018-12-05T08:13:22","guid":{"rendered":"https:\/\/hispatransfers.com\/data-access\/"},"modified":"2025-05-19T17:47:04","modified_gmt":"2025-05-19T15:47:04","slug":"data-access","status":"publish","type":"page","link":"https:\/\/hispatransfers.com\/en\/data-access\/","title":{"rendered":"Data access"},"content":{"rendered":"\n<div class=\"wp-block-uagb-container cabecerahome uagb-block-4c3875af alignfull uagb-is-root-container\"><div class=\"uagb-container-inner-blocks-wrap\">\n<div class=\"wp-block-uagb-container uagb-block-e02177e9\">\n<div class=\"wp-block-uagb-container uagb-block-4e7c8689\">\n<div class=\"wp-block-uagb-container uagb-block-a85a0615\">\n<div class=\"wp-block-uagb-advanced-heading uagb-block-36237826\"><h1 class=\"uagb-heading-text\">Data access<\/h1><\/div>\n<\/div>\n<\/div>\n<\/div>\n<\/div><\/div>\n\n<div class=\"wp-block-uagb-container uagb-block-ec6ff6e4 alignfull uagb-is-root-container\"><div class=\"uagb-container-inner-blocks-wrap\">\n<div class=\"wp-block-uagb-advanced-heading uagb-block-44c9e53d\"><p class=\"uagb-heading-text\">Request for personal data<\/p><\/div>\n\n\n\n<div class=\"wpcf7 no-js\" id=\"wpcf7-f17128-o1\" lang=\"en-US\" dir=\"ltr\" data-wpcf7-id=\"17128\">\n<div class=\"screen-reader-response\"><p role=\"status\" aria-live=\"polite\" aria-atomic=\"true\"><\/p> <ul><\/ul><\/div>\n<form action=\"\/en\/wp-json\/wp\/v2\/pages\/17003#wpcf7-f17128-o1\" method=\"post\" class=\"wpcf7-form init\" aria-label=\"Contact form\" novalidate=\"novalidate\" data-status=\"init\">\n<fieldset class=\"hidden-fields-container\"><input type=\"hidden\" name=\"_wpcf7\" value=\"17128\" \/><input type=\"hidden\" name=\"_wpcf7_version\" value=\"6.1.5\" \/><input type=\"hidden\" name=\"_wpcf7_locale\" value=\"en_US\" \/><input type=\"hidden\" name=\"_wpcf7_unit_tag\" value=\"wpcf7-f17128-o1\" \/><input type=\"hidden\" name=\"_wpcf7_container_post\" value=\"0\" \/><input type=\"hidden\" name=\"_wpcf7_posted_data_hash\" value=\"\" \/>\n<\/fieldset>\n<div class=\"form-grid\">\n\t<div class=\"left\">\n\t\t<p><span class=\"wpcf7-form-control-wrap\" data-name=\"your-name\"><input size=\"40\" maxlength=\"400\" class=\"wpcf7-form-control wpcf7-text wpcf7-validates-as-required\" aria-required=\"true\" aria-invalid=\"false\" placeholder=\"Name\" value=\"\" type=\"text\" name=\"your-name\" \/><\/span><br \/>\n<span class=\"wpcf7-form-control-wrap\" data-name=\"your-email\"><input size=\"40\" maxlength=\"400\" class=\"wpcf7-form-control wpcf7-email wpcf7-validates-as-required wpcf7-text wpcf7-validates-as-email\" aria-required=\"true\" aria-invalid=\"false\" placeholder=\"Email\" value=\"\" type=\"email\" name=\"your-email\" \/><\/span><br \/>\n<span class=\"wpcf7-form-control-wrap\" data-name=\"your-phone\"><input size=\"40\" maxlength=\"400\" class=\"wpcf7-form-control wpcf7-tel wpcf7-validates-as-required wpcf7-text wpcf7-validates-as-tel\" aria-required=\"true\" aria-invalid=\"false\" placeholder=\"Telephone\" value=\"\" type=\"tel\" name=\"your-phone\" \/><\/span>\n\t\t<\/p>\n\t<\/div>\n\t<div class=\"right\">\n\t\t<p><span class=\"wpcf7-form-control-wrap\" data-name=\"your-address\"><textarea cols=\"40\" rows=\"4\" maxlength=\"2000\" class=\"wpcf7-form-control wpcf7-textarea\" aria-invalid=\"false\" placeholder=\"Address\" name=\"your-address\"><\/textarea><\/span><br \/>\n<input class=\"wpcf7-form-control wpcf7-submit has-spinner\" type=\"submit\" value=\"Send\" \/>\n\t\t<\/p>\n\t<\/div>\n<\/div><div class=\"wpcf7-response-output\" aria-hidden=\"true\"><\/div>\n<\/form>\n<\/div>\n\n<\/div><\/div>\n","protected":false},"excerpt":{"rendered":"<p>Data access Request for personal data<\/p>\n","protected":false},"author":1,"featured_media":0,"parent":0,"menu_order":0,"comment_status":"closed","ping_status":"closed","template":"","meta":{"inline_featured_image":false,"_uag_custom_page_level_css":"","site-sidebar-layout":"default","site-content-layout":"","ast-site-content-layout":"default","site-content-style":"default","site-sidebar-style":"default","ast-global-header-display":"","ast-banner-title-visibility":"","ast-main-header-display":"","ast-hfb-above-header-display":"","ast-hfb-below-header-display":"","ast-hfb-mobile-header-display":"","site-post-title":"","ast-breadcrumbs-content":"","ast-featured-img":"","footer-sml-layout":"","ast-disable-related-posts":"","theme-transparent-header-meta":"","adv-header-id-meta":"","stick-header-meta":"","header-above-stick-meta":"","header-main-stick-meta":"","header-below-stick-meta":"","astra-migrate-meta-layouts":"default","ast-page-background-enabled":"default","ast-page-background-meta":{"desktop":{"background-color":"var(--ast-global-color-4)","background-image":"","background-repeat":"repeat","background-position":"center center","background-size":"auto","background-attachment":"scroll","background-type":"","background-media":"","overlay-type":"","overlay-color":"","overlay-opacity":"","overlay-gradient":""},"tablet":{"background-color":"","background-image":"","background-repeat":"repeat","background-position":"center center","background-size":"auto","background-attachment":"scroll","background-type":"","background-media":"","overlay-type":"","overlay-color":"","overlay-opacity":"","overlay-gradient":""},"mobile":{"background-color":"","background-image":"","background-repeat":"repeat","background-position":"center center","background-size":"auto","background-attachment":"scroll","background-type":"","background-media":"","overlay-type":"","overlay-color":"","overlay-opacity":"","overlay-gradient":""}},"ast-content-background-meta":{"desktop":{"background-color":"var(--ast-global-color-5)","background-image":"","background-repeat":"repeat","background-position":"center center","background-size":"auto","background-attachment":"scroll","background-type":"","background-media":"","overlay-type":"","overlay-color":"","overlay-opacity":"","overlay-gradient":""},"tablet":{"background-color":"var(--ast-global-color-5)","background-image":"","background-repeat":"repeat","background-position":"center center","background-size":"auto","background-attachment":"scroll","background-type":"","background-media":"","overlay-type":"","overlay-color":"","overlay-opacity":"","overlay-gradient":""},"mobile":{"background-color":"var(--ast-global-color-5)","background-image":"","background-repeat":"repeat","background-position":"center center","background-size":"auto","background-attachment":"scroll","background-type":"","background-media":"","overlay-type":"","overlay-color":"","overlay-opacity":"","overlay-gradient":""}},"footnotes":""},"class_list":["post-17003","page","type-page","status-publish","hentry"],"yoast_head":"<!-- This site is optimized with the Yoast SEO plugin v27.4 - https:\/\/yoast.com\/product\/yoast-seo-wordpress\/ -->\n<title>Data access - Traslados privados Aeropuerto Hotel al mejor precio | Hispatransfers<\/title>\n<meta name=\"robots\" content=\"index, follow, max-snippet:-1, max-image-preview:large, max-video-preview:-1\" \/>\n<link rel=\"canonical\" href=\"https:\/\/hispatransfers.com\/en\/data-access\/\" \/>\n<meta property=\"og:locale\" content=\"en_US\" \/>\n<meta property=\"og:type\" content=\"article\" \/>\n<meta property=\"og:title\" content=\"Data access - Traslados privados Aeropuerto Hotel al mejor precio | Hispatransfers\" \/>\n<meta property=\"og:description\" content=\"Data access Request for personal data\" \/>\n<meta property=\"og:url\" content=\"https:\/\/hispatransfers.com\/en\/data-access\/\" \/>\n<meta property=\"og:site_name\" content=\"Traslados privados Aeropuerto Hotel al mejor precio | Hispatransfers\" \/>\n<meta property=\"article:publisher\" content=\"http:\/\/www.facebook.com\/HispatransfersTraslados\/\" \/>\n<meta property=\"article:modified_time\" content=\"2025-05-19T15:47:04+00:00\" \/>\n<meta name=\"twitter:card\" content=\"summary_large_image\" \/>\n<script type=\"application\/ld+json\" class=\"yoast-schema-graph\">{\"@context\":\"https:\\\/\\\/schema.org\",\"@graph\":[{\"@type\":\"WebPage\",\"@id\":\"https:\\\/\\\/hispatransfers.com\\\/en\\\/data-access\\\/\",\"url\":\"https:\\\/\\\/hispatransfers.com\\\/en\\\/data-access\\\/\",\"name\":\"Data access - Traslados privados Aeropuerto Hotel al mejor precio | Hispatransfers\",\"isPartOf\":{\"@id\":\"https:\\\/\\\/hispatransfers.com\\\/en\\\/#website\"},\"datePublished\":\"2018-12-05T08:13:22+00:00\",\"dateModified\":\"2025-05-19T15:47:04+00:00\",\"breadcrumb\":{\"@id\":\"https:\\\/\\\/hispatransfers.com\\\/en\\\/data-access\\\/#breadcrumb\"},\"inLanguage\":\"en-US\",\"potentialAction\":[{\"@type\":\"ReadAction\",\"target\":[\"https:\\\/\\\/hispatransfers.com\\\/en\\\/data-access\\\/\"]}]},{\"@type\":\"BreadcrumbList\",\"@id\":\"https:\\\/\\\/hispatransfers.com\\\/en\\\/data-access\\\/#breadcrumb\",\"itemListElement\":[{\"@type\":\"ListItem\",\"position\":1,\"name\":\"Portada\",\"item\":\"https:\\\/\\\/hispatransfers.com\\\/en\\\/\"},{\"@type\":\"ListItem\",\"position\":2,\"name\":\"Data access\"}]},{\"@type\":\"WebSite\",\"@id\":\"https:\\\/\\\/hispatransfers.com\\\/en\\\/#website\",\"url\":\"https:\\\/\\\/hispatransfers.com\\\/en\\\/\",\"name\":\"Traslados privados Aeropuerto Hotel al mejor precio\",\"description\":\"Si necesitas un traslado privado desde el Aeropuerto hasta tu hotel \u00a1Somos la opci\u00f3n con la mejor relaci\u00f3n calidad-precio! Reserva tu traslado en l\u00ednea...\",\"publisher\":{\"@id\":\"https:\\\/\\\/hispatransfers.com\\\/en\\\/#organization\"},\"potentialAction\":[{\"@type\":\"SearchAction\",\"target\":{\"@type\":\"EntryPoint\",\"urlTemplate\":\"https:\\\/\\\/hispatransfers.com\\\/en\\\/?s={search_term_string}\"},\"query-input\":{\"@type\":\"PropertyValueSpecification\",\"valueRequired\":true,\"valueName\":\"search_term_string\"}}],\"inLanguage\":\"en-US\"},{\"@type\":\"Organization\",\"@id\":\"https:\\\/\\\/hispatransfers.com\\\/en\\\/#organization\",\"name\":\"Hispatransfers\",\"url\":\"https:\\\/\\\/hispatransfers.com\\\/en\\\/\",\"logo\":{\"@type\":\"ImageObject\",\"inLanguage\":\"en-US\",\"@id\":\"https:\\\/\\\/hispatransfers.com\\\/en\\\/#\\\/schema\\\/logo\\\/image\\\/\",\"url\":\"https:\\\/\\\/hispatransfers.com\\\/wp-content\\\/uploads\\\/2026\\\/03\\\/logo-light.png-1024x311.png.webp\",\"contentUrl\":\"https:\\\/\\\/hispatransfers.com\\\/wp-content\\\/uploads\\\/2026\\\/03\\\/logo-light.png-1024x311.png.webp\",\"width\":1024,\"height\":311,\"caption\":\"Hispatransfers\"},\"image\":{\"@id\":\"https:\\\/\\\/hispatransfers.com\\\/en\\\/#\\\/schema\\\/logo\\\/image\\\/\"},\"sameAs\":[\"http:\\\/\\\/www.facebook.com\\\/HispatransfersTraslados\\\/\",\"http:\\\/\\\/www.instagram.com\\\/hispatransfers\\\/\"]}]}<\/script>\n<!-- \/ Yoast SEO plugin. -->","yoast_head_json":{"title":"Data access - Traslados privados Aeropuerto Hotel al mejor precio | Hispatransfers","robots":{"index":"index","follow":"follow","max-snippet":"max-snippet:-1","max-image-preview":"max-image-preview:large","max-video-preview":"max-video-preview:-1"},"canonical":"https:\/\/hispatransfers.com\/en\/data-access\/","og_locale":"en_US","og_type":"article","og_title":"Data access - Traslados privados Aeropuerto Hotel al mejor precio | Hispatransfers","og_description":"Data access Request for personal data","og_url":"https:\/\/hispatransfers.com\/en\/data-access\/","og_site_name":"Traslados privados Aeropuerto Hotel al mejor precio | Hispatransfers","article_publisher":"http:\/\/www.facebook.com\/HispatransfersTraslados\/","article_modified_time":"2025-05-19T15:47:04+00:00","twitter_card":"summary_large_image","schema":{"@context":"https:\/\/schema.org","@graph":[{"@type":"WebPage","@id":"https:\/\/hispatransfers.com\/en\/data-access\/","url":"https:\/\/hispatransfers.com\/en\/data-access\/","name":"Data access - Traslados privados Aeropuerto Hotel al mejor precio | Hispatransfers","isPartOf":{"@id":"https:\/\/hispatransfers.com\/en\/#website"},"datePublished":"2018-12-05T08:13:22+00:00","dateModified":"2025-05-19T15:47:04+00:00","breadcrumb":{"@id":"https:\/\/hispatransfers.com\/en\/data-access\/#breadcrumb"},"inLanguage":"en-US","potentialAction":[{"@type":"ReadAction","target":["https:\/\/hispatransfers.com\/en\/data-access\/"]}]},{"@type":"BreadcrumbList","@id":"https:\/\/hispatransfers.com\/en\/data-access\/#breadcrumb","itemListElement":[{"@type":"ListItem","position":1,"name":"Portada","item":"https:\/\/hispatransfers.com\/en\/"},{"@type":"ListItem","position":2,"name":"Data access"}]},{"@type":"WebSite","@id":"https:\/\/hispatransfers.com\/en\/#website","url":"https:\/\/hispatransfers.com\/en\/","name":"Traslados privados Aeropuerto Hotel al mejor precio","description":"Si necesitas un traslado privado desde el Aeropuerto hasta tu hotel \u00a1Somos la opci\u00f3n con la mejor relaci\u00f3n calidad-precio! Reserva tu traslado en l\u00ednea...","publisher":{"@id":"https:\/\/hispatransfers.com\/en\/#organization"},"potentialAction":[{"@type":"SearchAction","target":{"@type":"EntryPoint","urlTemplate":"https:\/\/hispatransfers.com\/en\/?s={search_term_string}"},"query-input":{"@type":"PropertyValueSpecification","valueRequired":true,"valueName":"search_term_string"}}],"inLanguage":"en-US"},{"@type":"Organization","@id":"https:\/\/hispatransfers.com\/en\/#organization","name":"Hispatransfers","url":"https:\/\/hispatransfers.com\/en\/","logo":{"@type":"ImageObject","inLanguage":"en-US","@id":"https:\/\/hispatransfers.com\/en\/#\/schema\/logo\/image\/","url":"https:\/\/hispatransfers.com\/wp-content\/uploads\/2026\/03\/logo-light.png-1024x311.png.webp","contentUrl":"https:\/\/hispatransfers.com\/wp-content\/uploads\/2026\/03\/logo-light.png-1024x311.png.webp","width":1024,"height":311,"caption":"Hispatransfers"},"image":{"@id":"https:\/\/hispatransfers.com\/en\/#\/schema\/logo\/image\/"},"sameAs":["http:\/\/www.facebook.com\/HispatransfersTraslados\/","http:\/\/www.instagram.com\/hispatransfers\/"]}]}},"uagb_featured_image_src":{"full":false,"thumbnail":false,"medium":false,"medium_large":false,"large":false,"1536x1536":false,"2048x2048":false},"uagb_author_info":{"display_name":"hispatransfers","author_link":"https:\/\/hispatransfers.com\/en\/author\/hispatransfers\/"},"uagb_comment_info":0,"uagb_excerpt":"Data access Request for personal data","_links":{"self":[{"href":"https:\/\/hispatransfers.com\/en\/wp-json\/wp\/v2\/pages\/17003","targetHints":{"allow":["GET"]}}],"collection":[{"href":"https:\/\/hispatransfers.com\/en\/wp-json\/wp\/v2\/pages"}],"about":[{"href":"https:\/\/hispatransfers.com\/en\/wp-json\/wp\/v2\/types\/page"}],"author":[{"embeddable":true,"href":"https:\/\/hispatransfers.com\/en\/wp-json\/wp\/v2\/users\/1"}],"replies":[{"embeddable":true,"href":"https:\/\/hispatransfers.com\/en\/wp-json\/wp\/v2\/comments?post=17003"}],"version-history":[{"count":0,"href":"https:\/\/hispatransfers.com\/en\/wp-json\/wp\/v2\/pages\/17003\/revisions"}],"wp:attachment":[{"href":"https:\/\/hispatransfers.com\/en\/wp-json\/wp\/v2\/media?parent=17003"}],"curies":[{"name":"wp","href":"https:\/\/api.w.org\/{rel}","templated":true}]}}