{"id":17000,"date":"2025-05-02T12:08:42","date_gmt":"2025-05-02T11:08:42","guid":{"rendered":"https:\/\/hispatransfers.com\/contact\/"},"modified":"2025-07-10T19:53:17","modified_gmt":"2025-07-10T18:53:17","slug":"contact","status":"publish","type":"page","link":"https:\/\/hispatransfers.com\/en\/contact\/","title":{"rendered":"Contact"},"content":{"rendered":"\n<div class=\"wp-block-uagb-container cabecerahome uagb-block-4c3875af alignfull uagb-is-root-container\"><div class=\"uagb-container-inner-blocks-wrap\">\n<div class=\"wp-block-uagb-container uagb-block-e02177e9\">\n<div class=\"wp-block-uagb-container uagb-block-4e7c8689\">\n<div class=\"wp-block-uagb-container uagb-block-a85a0615\">\n<div class=\"wp-block-uagb-advanced-heading uagb-block-36237826\"><h1 class=\"uagb-heading-text\">Contact<\/h1><\/div>\n<\/div>\n<\/div>\n<\/div>\n<\/div><\/div>\n\n<div class=\"wp-block-uagb-container uagb-block-03699174 alignfull uagb-is-root-container\"><div class=\"uagb-container-inner-blocks-wrap\">\n<div class=\"wp-block-uagb-advanced-heading uagb-block-44c9e53d\"><p class=\"uagb-heading-text\">Request more information without obligation<\/p><\/div>\n<\/div><\/div>\n\n<div class=\"wp-block-uagb-container uagb-block-95d73729 alignfull uagb-is-root-container\"><div class=\"uagb-container-inner-blocks-wrap\">\n<div class=\"wp-block-columns is-layout-flex wp-container-core-columns-is-layout-28f84493 wp-block-columns-is-layout-flex\">\n<div class=\"wp-block-column is-layout-flow wp-block-column-is-layout-flow\">      \n\t\t\t<div class=\"uagb-icon-wrapper uagb-block-0c6ab801      \"\n\t\t\tstyle=\"\" >\n\t\t\t\t\t\t\t\t\t<span class=\"uagb-svg-wrapper\" \n\t\t\t\t\t aria-label=\"envelope\"\t\t\t\t\ttabindex=\"0\">\t\t\n\t\t\t\t\t\t\t\t\t\t<svg xmlns=\"https:\/\/www.w3.org\/2000\/svg\" viewBox= \"0 0 512 512\" role=\"graphics-symbol\" aria-hidden=\"false\" aria-label=\"\"><path d=\"M464 64C490.5 64 512 85.49 512 112C512 127.1 504.9 141.3 492.8 150.4L275.2 313.6C263.8 322.1 248.2 322.1 236.8 313.6L19.2 150.4C7.113 141.3 0 127.1 0 112C0 85.49 21.49 64 48 64H464zM217.6 339.2C240.4 356.3 271.6 356.3 294.4 339.2L512 176V384C512 419.3 483.3 448 448 448H64C28.65 448 0 419.3 0 384V176L217.6 339.2z\"><\/path><\/svg>\n\t\t\t\t\t\t\t\t\t<\/span>\n\t\t\t\t\t\t\t<\/div>\n\t\t\t\n\n\n<p class=\"has-text-align-center has-text-color has-link-color wp-elements-58f4f1c70fb9cd28f0e35c8b8978a912\" style=\"color:#22313f;font-style:normal;font-weight:700\">EMAIL<\/p>\n\n\n\n<p class=\"has-text-align-center has-text-color has-link-color wp-elements-2f0b71fe85ba95f11383059777356aa8\" style=\"color:#949494\"><a href=\"mailto:info@hispatransfers.com\">info@hispatransfers.com<\/a><\/p>\n<\/div>\n\n\n\n<div class=\"wp-block-column is-layout-flow wp-block-column-is-layout-flow\">      \n\t\t\t<div class=\"uagb-icon-wrapper uagb-block-5a891361      \"\n\t\t\tstyle=\"\" >\n\t\t\t\t\t\t\t\t\t<span class=\"uagb-svg-wrapper\" \n\t\t\t\t\t aria-label=\"square-phone-flip\"\t\t\t\t\ttabindex=\"0\">\t\t\n\t\t\t\t\t\t\t\t\t\t<svg xmlns=\"https:\/\/www.w3.org\/2000\/svg\" viewBox= \"0 0 448 512\" role=\"graphics-symbol\" aria-hidden=\"false\" aria-label=\"\"><path d=\"M0 96v320c0 35.35 28.65 64 64 64h320c35.35 0 64-28.65 64-64V96c0-35.35-28.65-64-64-64H64C28.65 32 0 60.65 0 96zM105.5 303.6l54.24-23.25c6.391-2.766 13.9-.9062 18.24 4.484l22.02 26.91c34.63-17 62.77-45.14 79.77-79.75l-26.91-22.05c-5.375-4.391-7.211-11.83-4.492-18.22l23.27-54.28c3.047-6.953 10.59-10.77 17.93-9.062l50.38 11.63c7.125 1.625 12.11 7.891 12.11 15.22c0 126.1-102.6 228.8-228.7 228.8c-7.336 0-13.6-4.984-15.24-12.11l-11.62-50.39C94.71 314.2 98.5 306.6 105.5 303.6z\"><\/path><\/svg>\n\t\t\t\t\t\t\t\t\t<\/span>\n\t\t\t\t\t\t\t<\/div>\n\t\t\t\n\n\n<p class=\"has-text-align-center has-text-color has-link-color wp-elements-20f725718d113a1619ff54d9dcf11f6c\" style=\"color:#22313f;font-style:normal;font-weight:700;text-transform:uppercase\">Phone<\/p>\n\n\n\n<p class=\"has-text-align-center has-text-color has-link-color wp-elements-a3f1c1f15e678c0c846b49ad4ff8897e\" style=\"color:#949494\"><a href=\"tel:+34911123456\" data-type=\"tel\" data-id=\"tel:+34911123456\">+34 629 66 06 06<\/a><\/p>\n<\/div>\n\n\n\n<div class=\"wp-block-column is-layout-flow wp-block-column-is-layout-flow\">      \n\t\t\t<div class=\"uagb-icon-wrapper uagb-block-99d495bd      \"\n\t\t\tstyle=\"\" >\n\t\t\t\t\t\t\t\t\t<span class=\"uagb-svg-wrapper\" \n\t\t\t\t\t aria-label=\"location-dot\"\t\t\t\t\ttabindex=\"0\">\t\t\n\t\t\t\t\t\t\t\t\t\t<svg xmlns=\"https:\/\/www.w3.org\/2000\/svg\" viewBox= \"0 0 384 512\" role=\"graphics-symbol\" aria-hidden=\"false\" aria-label=\"\"><path d=\"M168.3 499.2C116.1 435 0 279.4 0 192C0 85.96 85.96 0 192 0C298 0 384 85.96 384 192C384 279.4 267 435 215.7 499.2C203.4 514.5 180.6 514.5 168.3 499.2H168.3zM192 256C227.3 256 256 227.3 256 192C256 156.7 227.3 128 192 128C156.7 128 128 156.7 128 192C128 227.3 156.7 256 192 256z\"><\/path><\/svg>\n\t\t\t\t\t\t\t\t\t<\/span>\n\t\t\t\t\t\t\t<\/div>\n\t\t\t\n\n\n<p class=\"has-text-align-center has-text-color has-link-color wp-elements-68b7c275f1da7f4edd146196de0e61e9\" style=\"color:#22313f;font-style:normal;font-weight:700;text-transform:uppercase\">location<\/p>\n\n\n\n<div class=\"wp-block-uagb-advanced-heading uagb-block-1f1bc2fc adress_h2\"><h2 class=\"uagb-heading-text\">Avda Hytasa 12, 2\u00ba, Mod 6<br\/>C.P. 41006 (Seville)<\/h2><\/div>\n<\/div>\n<\/div>\n<\/div><\/div>\n\n<div class=\"wp-block-uagb-container uagb-block-76d0e159 alignfull uagb-is-root-container\"><div class=\"uagb-container-inner-blocks-wrap\">\n<div class=\"wpcf7 no-js\" id=\"wpcf7-f17126-o1\" lang=\"en-US\" dir=\"ltr\" data-wpcf7-id=\"17126\">\n<div class=\"screen-reader-response\"><p role=\"status\" aria-live=\"polite\" aria-atomic=\"true\"><\/p> <ul><\/ul><\/div>\n<form action=\"\/en\/wp-json\/wp\/v2\/pages\/17000#wpcf7-f17126-o1\" method=\"post\" class=\"wpcf7-form init\" aria-label=\"Contact form\" novalidate=\"novalidate\" data-status=\"init\">\n<fieldset class=\"hidden-fields-container\"><input type=\"hidden\" name=\"_wpcf7\" value=\"17126\" \/><input type=\"hidden\" name=\"_wpcf7_version\" value=\"6.1.5\" \/><input type=\"hidden\" name=\"_wpcf7_locale\" value=\"en_US\" \/><input type=\"hidden\" name=\"_wpcf7_unit_tag\" value=\"wpcf7-f17126-o1\" \/><input type=\"hidden\" name=\"_wpcf7_container_post\" value=\"0\" \/><input type=\"hidden\" name=\"_wpcf7_posted_data_hash\" value=\"\" \/>\n<\/fieldset>\n<div class=\"form-grid\">\n\t<div class=\"left\">\n\t\t<p><span class=\"wpcf7-form-control-wrap\" data-name=\"your-name\"><input size=\"40\" maxlength=\"400\" class=\"wpcf7-form-control wpcf7-text wpcf7-validates-as-required\" aria-required=\"true\" aria-invalid=\"false\" placeholder=\"Name\" value=\"\" type=\"text\" name=\"your-name\" \/><\/span><br \/>\n<span class=\"wpcf7-form-control-wrap\" data-name=\"your-email\"><input size=\"40\" maxlength=\"400\" class=\"wpcf7-form-control wpcf7-email wpcf7-validates-as-required wpcf7-text wpcf7-validates-as-email\" aria-required=\"true\" aria-invalid=\"false\" placeholder=\"Email\" value=\"\" type=\"email\" name=\"your-email\" \/><\/span><br \/>\n<span class=\"wpcf7-form-control-wrap\" data-name=\"your-subject\"><input size=\"40\" maxlength=\"400\" class=\"wpcf7-form-control wpcf7-text\" aria-invalid=\"false\" placeholder=\"Subject\" value=\"\" type=\"text\" name=\"your-subject\" \/><\/span>\n\t\t<\/p>\n\t<\/div>\n\t<div class=\"right\">\n\t\t<p><span class=\"wpcf7-form-control-wrap\" data-name=\"your-message\"><textarea cols=\"40\" rows=\"4\" maxlength=\"2000\" class=\"wpcf7-form-control wpcf7-textarea wpcf7-validates-as-required\" aria-required=\"true\" aria-invalid=\"false\" placeholder=\"Your Message\" name=\"your-message\"><\/textarea><\/span><br \/>\n<span class=\"wpcf7-form-control-wrap\" data-name=\"acceptance-151\"><span class=\"wpcf7-form-control wpcf7-acceptance\"><span class=\"wpcf7-list-item\"><label><input type=\"checkbox\" name=\"acceptance-151\" value=\"1\" aria-invalid=\"false\" \/><span class=\"wpcf7-list-item-label\">I have read and accept the <a href=\"\/aviso-legal\/\">Legal Notice<\/a>, <a href=\"\/politica-de-privacidad\/\">Privacy Policy<\/a>, <a href=\"\/politica-de-cookies\/\">Cookies Policy<\/a> and <a href=\"\/terminos-y-condiciones\/\">Terms of Sale of this website<\/a>.<\/span><\/label><\/span><\/span><\/span>\n\t\t<\/p>\n\t\t<p><input class=\"wpcf7-form-control wpcf7-submit has-spinner\" type=\"submit\" value=\"Contact\" \/>\n\t\t<\/p>\n\t<\/div>\n<\/div><div class=\"wpcf7-response-output\" aria-hidden=\"true\"><\/div>\n<\/form>\n<\/div>\n\n<\/div><\/div>\n\n<div class=\"wp-block-uagb-container uagb-block-2e1f7ab4 alignfull uagb-is-root-container\"><div class=\"uagb-container-inner-blocks-wrap\">\t\t\t<div \n\t\t\tclass=\"wp-block-uagb-google-map uagb-google-map__wrap uagb-block-20120550     \"\n\t\t\tstyle=\"\" >\n\t\t\t\t<embed\n\t\t\t\t\tclass=\"uagb-google-map__iframe\"\n\t\t\t\t\ttitle=\"Google Map for \"\n\t\t\t\t\tsrc=\"https:\/\/maps.google.com\/maps?q=Avda%20Hytasa%2012%2C%202%C2%BA%2C%20Mod%206%20C.P.%2041006%20%28Seville%29&#038;z=12&#038;hl=es&#038;t=m&#038;output=embed&#038;iwloc=near\"\n\t\t\t\t\twidth=\"640\"\n\t\t\t\t\theight=\"500\"\n\t\t\t\t\tloading=\"lazy\"\n\t\t\t\t><\/embed>\n\t\t\t<\/div>\n\t\t\t<\/div><\/div>\n","protected":false},"excerpt":{"rendered":"<p>Contact Request more information without obligation EMAIL info@hispatransfers.com Phone +34 629 66 06 06 location Avda Hytasa 12, 2\u00ba, Mod [&hellip;]<\/p>\n","protected":false},"author":1,"featured_media":0,"parent":0,"menu_order":0,"comment_status":"closed","ping_status":"closed","template":"","meta":{"inline_featured_image":false,"_uag_custom_page_level_css":"","site-sidebar-layout":"default","site-content-layout":"","ast-site-content-layout":"full-width-container","site-content-style":"default","site-sidebar-style":"default","ast-global-header-display":"","ast-banner-title-visibility":"","ast-main-header-display":"","ast-hfb-above-header-display":"","ast-hfb-below-header-display":"","ast-hfb-mobile-header-display":"","site-post-title":"","ast-breadcrumbs-content":"","ast-featured-img":"","footer-sml-layout":"","ast-disable-related-posts":"","theme-transparent-header-meta":"","adv-header-id-meta":"","stick-header-meta":"","header-above-stick-meta":"","header-main-stick-meta":"","header-below-stick-meta":"","astra-migrate-meta-layouts":"set","ast-page-background-enabled":"default","ast-page-background-meta":{"desktop":{"background-color":"var(--ast-global-color-4)","background-image":"","background-repeat":"repeat","background-position":"center center","background-size":"auto","background-attachment":"scroll","background-type":"","background-media":"","overlay-type":"","overlay-color":"","overlay-opacity":"","overlay-gradient":""},"tablet":{"background-color":"","background-image":"","background-repeat":"repeat","background-position":"center center","background-size":"auto","background-attachment":"scroll","background-type":"","background-media":"","overlay-type":"","overlay-color":"","overlay-opacity":"","overlay-gradient":""},"mobile":{"background-color":"","background-image":"","background-repeat":"repeat","background-position":"center center","background-size":"auto","background-attachment":"scroll","background-type":"","background-media":"","overlay-type":"","overlay-color":"","overlay-opacity":"","overlay-gradient":""}},"ast-content-background-meta":{"desktop":{"background-color":"var(--ast-global-color-5)","background-image":"","background-repeat":"repeat","background-position":"center center","background-size":"auto","background-attachment":"scroll","background-type":"","background-media":"","overlay-type":"","overlay-color":"","overlay-opacity":"","overlay-gradient":""},"tablet":{"background-color":"var(--ast-global-color-5)","background-image":"","background-repeat":"repeat","background-position":"center center","background-size":"auto","background-attachment":"scroll","background-type":"","background-media":"","overlay-type":"","overlay-color":"","overlay-opacity":"","overlay-gradient":""},"mobile":{"background-color":"var(--ast-global-color-5)","background-image":"","background-repeat":"repeat","background-position":"center center","background-size":"auto","background-attachment":"scroll","background-type":"","background-media":"","overlay-type":"","overlay-color":"","overlay-opacity":"","overlay-gradient":""}},"footnotes":""},"class_list":["post-17000","page","type-page","status-publish","hentry"],"yoast_head":"<!-- This site is optimized with the Yoast SEO plugin v27.4 - https:\/\/yoast.com\/product\/yoast-seo-wordpress\/ -->\n<title>Contact - Private transfer company : Hispatransfers<\/title>\n<meta name=\"description\" content=\"Are you looking for a serious and professional transfer company? Hispatransfers is what you need: the best service and a price that will surprise you. Contact us!\" \/>\n<meta name=\"robots\" content=\"index, follow, max-snippet:-1, max-image-preview:large, max-video-preview:-1\" \/>\n<link rel=\"canonical\" href=\"https:\/\/hispatransfers.com\/en\/contact\/\" \/>\n<meta property=\"og:locale\" content=\"en_US\" \/>\n<meta property=\"og:type\" content=\"article\" \/>\n<meta property=\"og:title\" content=\"Contact - Private transfer company : Hispatransfers\" \/>\n<meta property=\"og:description\" content=\"You are looking for a serious and professional transfer company. Hispatransfers is what you need: the best service and a price that will surprise you. Contact us!\" \/>\n<meta property=\"og:url\" content=\"https:\/\/hispatransfers.com\/en\/contact\/\" \/>\n<meta property=\"og:site_name\" content=\"Traslados privados Aeropuerto Hotel al mejor precio | Hispatransfers\" \/>\n<meta property=\"article:publisher\" content=\"http:\/\/www.facebook.com\/HispatransfersTraslados\/\" \/>\n<meta property=\"article:modified_time\" content=\"2025-07-10T18:53:17+00:00\" \/>\n<meta name=\"twitter:card\" content=\"summary_large_image\" \/>\n<meta name=\"twitter:title\" content=\"Contact - Private transfer company : Hispatransfers\" \/>\n<meta name=\"twitter:description\" content=\"Are you looking for a serious and professional transfer company? Hispatransfers is what you need: the best service and a price that will surprise you. Contact us!\" \/>\n<meta name=\"twitter:label1\" content=\"Est. reading time\" \/>\n\t<meta name=\"twitter:data1\" content=\"1 minute\" \/>\n<script type=\"application\/ld+json\" class=\"yoast-schema-graph\">{\"@context\":\"https:\\\/\\\/schema.org\",\"@graph\":[{\"@type\":\"WebPage\",\"@id\":\"https:\\\/\\\/hispatransfers.com\\\/en\\\/contact\\\/\",\"url\":\"https:\\\/\\\/hispatransfers.com\\\/en\\\/contact\\\/\",\"name\":\"Contact - Private transfer company : Hispatransfers\",\"isPartOf\":{\"@id\":\"https:\\\/\\\/hispatransfers.com\\\/en\\\/#website\"},\"datePublished\":\"2025-05-02T11:08:42+00:00\",\"dateModified\":\"2025-07-10T18:53:17+00:00\",\"description\":\"Are you looking for a serious and professional transfer company? Hispatransfers is what you need: the best service and a price that will surprise you. Contact us!\",\"breadcrumb\":{\"@id\":\"https:\\\/\\\/hispatransfers.com\\\/en\\\/contact\\\/#breadcrumb\"},\"inLanguage\":\"en-US\",\"potentialAction\":[{\"@type\":\"ReadAction\",\"target\":[\"https:\\\/\\\/hispatransfers.com\\\/en\\\/contact\\\/\"]}]},{\"@type\":\"BreadcrumbList\",\"@id\":\"https:\\\/\\\/hispatransfers.com\\\/en\\\/contact\\\/#breadcrumb\",\"itemListElement\":[{\"@type\":\"ListItem\",\"position\":1,\"name\":\"Portada\",\"item\":\"https:\\\/\\\/hispatransfers.com\\\/en\\\/\"},{\"@type\":\"ListItem\",\"position\":2,\"name\":\"Contact\"}]},{\"@type\":\"WebSite\",\"@id\":\"https:\\\/\\\/hispatransfers.com\\\/en\\\/#website\",\"url\":\"https:\\\/\\\/hispatransfers.com\\\/en\\\/\",\"name\":\"Traslados privados Aeropuerto Hotel al mejor precio\",\"description\":\"Si necesitas un traslado privado desde el Aeropuerto hasta tu hotel \u00a1Somos la opci\u00f3n con la mejor relaci\u00f3n calidad-precio! Reserva tu traslado en l\u00ednea...\",\"publisher\":{\"@id\":\"https:\\\/\\\/hispatransfers.com\\\/en\\\/#organization\"},\"potentialAction\":[{\"@type\":\"SearchAction\",\"target\":{\"@type\":\"EntryPoint\",\"urlTemplate\":\"https:\\\/\\\/hispatransfers.com\\\/en\\\/?s={search_term_string}\"},\"query-input\":{\"@type\":\"PropertyValueSpecification\",\"valueRequired\":true,\"valueName\":\"search_term_string\"}}],\"inLanguage\":\"en-US\"},{\"@type\":\"Organization\",\"@id\":\"https:\\\/\\\/hispatransfers.com\\\/en\\\/#organization\",\"name\":\"Hispatransfers\",\"url\":\"https:\\\/\\\/hispatransfers.com\\\/en\\\/\",\"logo\":{\"@type\":\"ImageObject\",\"inLanguage\":\"en-US\",\"@id\":\"https:\\\/\\\/hispatransfers.com\\\/en\\\/#\\\/schema\\\/logo\\\/image\\\/\",\"url\":\"https:\\\/\\\/hispatransfers.com\\\/wp-content\\\/uploads\\\/2026\\\/03\\\/logo-light.png-1024x311.png.webp\",\"contentUrl\":\"https:\\\/\\\/hispatransfers.com\\\/wp-content\\\/uploads\\\/2026\\\/03\\\/logo-light.png-1024x311.png.webp\",\"width\":1024,\"height\":311,\"caption\":\"Hispatransfers\"},\"image\":{\"@id\":\"https:\\\/\\\/hispatransfers.com\\\/en\\\/#\\\/schema\\\/logo\\\/image\\\/\"},\"sameAs\":[\"http:\\\/\\\/www.facebook.com\\\/HispatransfersTraslados\\\/\",\"http:\\\/\\\/www.instagram.com\\\/hispatransfers\\\/\"]}]}<\/script>\n<!-- \/ Yoast SEO plugin. -->","yoast_head_json":{"title":"Contact - Private transfer company : Hispatransfers","description":"Are you looking for a serious and professional transfer company? Hispatransfers is what you need: the best service and a price that will surprise you. Contact us!","robots":{"index":"index","follow":"follow","max-snippet":"max-snippet:-1","max-image-preview":"max-image-preview:large","max-video-preview":"max-video-preview:-1"},"canonical":"https:\/\/hispatransfers.com\/en\/contact\/","og_locale":"en_US","og_type":"article","og_title":"Contact - Private transfer company : Hispatransfers","og_description":"You are looking for a serious and professional transfer company. Hispatransfers is what you need: the best service and a price that will surprise you. Contact us!","og_url":"https:\/\/hispatransfers.com\/en\/contact\/","og_site_name":"Traslados privados Aeropuerto Hotel al mejor precio | Hispatransfers","article_publisher":"http:\/\/www.facebook.com\/HispatransfersTraslados\/","article_modified_time":"2025-07-10T18:53:17+00:00","twitter_card":"summary_large_image","twitter_title":"Contact - Private transfer company : Hispatransfers","twitter_description":"Are you looking for a serious and professional transfer company? Hispatransfers is what you need: the best service and a price that will surprise you. Contact us!","twitter_misc":{"Est. reading time":"1 minute"},"schema":{"@context":"https:\/\/schema.org","@graph":[{"@type":"WebPage","@id":"https:\/\/hispatransfers.com\/en\/contact\/","url":"https:\/\/hispatransfers.com\/en\/contact\/","name":"Contact - Private transfer company : Hispatransfers","isPartOf":{"@id":"https:\/\/hispatransfers.com\/en\/#website"},"datePublished":"2025-05-02T11:08:42+00:00","dateModified":"2025-07-10T18:53:17+00:00","description":"Are you looking for a serious and professional transfer company? Hispatransfers is what you need: the best service and a price that will surprise you. Contact us!","breadcrumb":{"@id":"https:\/\/hispatransfers.com\/en\/contact\/#breadcrumb"},"inLanguage":"en-US","potentialAction":[{"@type":"ReadAction","target":["https:\/\/hispatransfers.com\/en\/contact\/"]}]},{"@type":"BreadcrumbList","@id":"https:\/\/hispatransfers.com\/en\/contact\/#breadcrumb","itemListElement":[{"@type":"ListItem","position":1,"name":"Portada","item":"https:\/\/hispatransfers.com\/en\/"},{"@type":"ListItem","position":2,"name":"Contact"}]},{"@type":"WebSite","@id":"https:\/\/hispatransfers.com\/en\/#website","url":"https:\/\/hispatransfers.com\/en\/","name":"Traslados privados Aeropuerto Hotel al mejor precio","description":"Si necesitas un traslado privado desde el Aeropuerto hasta tu hotel \u00a1Somos la opci\u00f3n con la mejor relaci\u00f3n calidad-precio! Reserva tu traslado en l\u00ednea...","publisher":{"@id":"https:\/\/hispatransfers.com\/en\/#organization"},"potentialAction":[{"@type":"SearchAction","target":{"@type":"EntryPoint","urlTemplate":"https:\/\/hispatransfers.com\/en\/?s={search_term_string}"},"query-input":{"@type":"PropertyValueSpecification","valueRequired":true,"valueName":"search_term_string"}}],"inLanguage":"en-US"},{"@type":"Organization","@id":"https:\/\/hispatransfers.com\/en\/#organization","name":"Hispatransfers","url":"https:\/\/hispatransfers.com\/en\/","logo":{"@type":"ImageObject","inLanguage":"en-US","@id":"https:\/\/hispatransfers.com\/en\/#\/schema\/logo\/image\/","url":"https:\/\/hispatransfers.com\/wp-content\/uploads\/2026\/03\/logo-light.png-1024x311.png.webp","contentUrl":"https:\/\/hispatransfers.com\/wp-content\/uploads\/2026\/03\/logo-light.png-1024x311.png.webp","width":1024,"height":311,"caption":"Hispatransfers"},"image":{"@id":"https:\/\/hispatransfers.com\/en\/#\/schema\/logo\/image\/"},"sameAs":["http:\/\/www.facebook.com\/HispatransfersTraslados\/","http:\/\/www.instagram.com\/hispatransfers\/"]}]}},"uagb_featured_image_src":{"full":false,"thumbnail":false,"medium":false,"medium_large":false,"large":false,"1536x1536":false,"2048x2048":false},"uagb_author_info":{"display_name":"hispatransfers","author_link":"https:\/\/hispatransfers.com\/en\/author\/hispatransfers\/"},"uagb_comment_info":0,"uagb_excerpt":"Contact Request more information without obligation EMAIL info@hispatransfers.com Phone +34 629 66 06 06 location Avda Hytasa 12, 2\u00ba, Mod [&hellip;]","_links":{"self":[{"href":"https:\/\/hispatransfers.com\/en\/wp-json\/wp\/v2\/pages\/17000","targetHints":{"allow":["GET"]}}],"collection":[{"href":"https:\/\/hispatransfers.com\/en\/wp-json\/wp\/v2\/pages"}],"about":[{"href":"https:\/\/hispatransfers.com\/en\/wp-json\/wp\/v2\/types\/page"}],"author":[{"embeddable":true,"href":"https:\/\/hispatransfers.com\/en\/wp-json\/wp\/v2\/users\/1"}],"replies":[{"embeddable":true,"href":"https:\/\/hispatransfers.com\/en\/wp-json\/wp\/v2\/comments?post=17000"}],"version-history":[{"count":0,"href":"https:\/\/hispatransfers.com\/en\/wp-json\/wp\/v2\/pages\/17000\/revisions"}],"wp:attachment":[{"href":"https:\/\/hispatransfers.com\/en\/wp-json\/wp\/v2\/media?parent=17000"}],"curies":[{"name":"wp","href":"https:\/\/api.w.org\/{rel}","templated":true}]}}